{"id":105,"date":"2026-04-15T14:17:33","date_gmt":"2026-04-15T14:17:33","guid":{"rendered":"https:\/\/www.ifsi-ifas-valentine-labbe.fr\/?page_id=105"},"modified":"2026-04-15T14:20:27","modified_gmt":"2026-04-15T14:20:27","slug":"formation-auxiliaire-de-puericulture","status":"publish","type":"page","link":"https:\/\/www.ifsi-ifas-valentine-labbe.fr\/index.php\/formation-auxiliaire-de-puericulture\/","title":{"rendered":"Formation Auxiliaire de Pu\u00e9riculture"},"content":{"rendered":"\n<div class=\"wp-block-group alignfull is-layout-constrained wp-block-group-is-layout-constrained\" style=\"margin-top:0;margin-bottom:0\">\n<div class=\"wp-block-columns alignwide is-layout-flex wp-container-core-columns-is-layout-b7acd7fb wp-block-columns-is-layout-flex\" style=\"margin-top:0;margin-bottom:0;padding-top:0;padding-right:0;padding-bottom:0;padding-left:0\">\n<div class=\"wp-block-column is-layout-flow wp-block-column-is-layout-flow\">\n<h2 class=\"wp-block-heading\">Le Dipl\u00f4me d\u2019\u00c9tat Auxiliaire de Pu\u00e9riculture (DEAP)<\/h2>\n\n\n\n<p class=\"has-text-color has-extra-small-font-size\" style=\"color:#000000\">L\u2019auxiliaire de pu\u00e9riculture est le sp\u00e9cialiste du bien-\u00eatre des tout-petits. Sous la responsabilit\u00e9 d&rsquo;une pu\u00e9ricultrice ou d&rsquo;une sage-femme, vous accompagnez l&rsquo;enfant dans ses premi\u00e8res \u00e9tapes de vie, tout en cr\u00e9ant un lien de confiance essentiel avec les familles.<\/p>\n\n\n\n<h3 class=\"wp-block-heading has-ast-global-color-8-color has-text-color has-link-color wp-elements-9a4d6c081494c07cb846e5047e348e16\">Une formation en Apprentissage<\/h3>\n\n\n\n<p class=\"has-ast-global-color-8-color has-text-color has-link-color wp-elements-3add57388d6f3876edd67afd2732b571\">Le Lyc\u00e9e Valentine Labb\u00e9 propose ce cursus exclusivement en <strong>apprentissage sur un an<\/strong>, permettant de combiner th\u00e9orie et exp\u00e9rience professionnelle r\u00e9mun\u00e9r\u00e9e :<\/p>\n\n\n\n<ul class=\"wp-block-list has-ast-global-color-8-color has-text-color has-link-color wp-elements-da3e56c7d1f4310709fe0fbdcfb0b2be\">\n<li><strong>Le rythme :<\/strong> 3 jours chez l&#8217;employeur (d\u00e9but de semaine) et 2 jours au sein de notre Unit\u00e9 de Formation par Apprentissage (UFA).<\/li>\n\n\n\n<li><strong>Immersion totale :<\/strong> Pendant les vacances scolaires, vous \u00eates \u00e0 disposition de votre employeur pour une exp\u00e9rience terrain \u00e0 temps plein (35h).<\/li>\n\n\n\n<li><strong>Un parcours sur mesure :<\/strong> Pour les titulaires du BAC PRO ASSP, la formation est all\u00e9g\u00e9e et se concentre sur 4 modules cl\u00e9s (Accompagnement, \u00c9tat clinique, Soins et Communication).<\/li>\n<\/ul>\n<\/div>\n\n\n\n<div class=\"wp-block-column is-layout-flow wp-block-column-is-layout-flow\">\n<p class=\"has-text-color has-extra-small-font-size\" style=\"color:#000000\"><\/p>\n\n\n\n<figure class=\"wp-block-image size-large is-resized\"><img loading=\"lazy\" decoding=\"async\" width=\"796\" height=\"1024\" src=\"http:\/\/www.ifsi-ifas-valentine-labbe.fr\/wp-content\/uploads\/2026\/04\/auxi-2-796x1024.png\" alt=\"\" class=\"wp-image-108\" style=\"aspect-ratio:0.75;object-fit:contain;width:482px;height:auto\" srcset=\"https:\/\/www.ifsi-ifas-valentine-labbe.fr\/wp-content\/uploads\/2026\/04\/auxi-2-796x1024.png 796w, https:\/\/www.ifsi-ifas-valentine-labbe.fr\/wp-content\/uploads\/2026\/04\/auxi-2-233x300.png 233w, https:\/\/www.ifsi-ifas-valentine-labbe.fr\/wp-content\/uploads\/2026\/04\/auxi-2-768x988.png 768w, https:\/\/www.ifsi-ifas-valentine-labbe.fr\/wp-content\/uploads\/2026\/04\/auxi-2-1194x1536.png 1194w, https:\/\/www.ifsi-ifas-valentine-labbe.fr\/wp-content\/uploads\/2026\/04\/auxi-2.png 1514w\" sizes=\"auto, (max-width: 796px) 100vw, 796px\" \/><\/figure>\n<\/div>\n<\/div>\n\n\n\n<div class=\"wp-block-media-text is-stacked-on-mobile\" style=\"padding-right:0;padding-left:0;grid-template-columns:40% auto\"><figure class=\"wp-block-media-text__media\"><img loading=\"lazy\" decoding=\"async\" width=\"796\" height=\"1024\" src=\"http:\/\/www.ifsi-ifas-valentine-labbe.fr\/wp-content\/uploads\/2026\/04\/auxi-1-796x1024.png\" alt=\"\" class=\"wp-image-107 size-full\" srcset=\"https:\/\/www.ifsi-ifas-valentine-labbe.fr\/wp-content\/uploads\/2026\/04\/auxi-1-796x1024.png 796w, https:\/\/www.ifsi-ifas-valentine-labbe.fr\/wp-content\/uploads\/2026\/04\/auxi-1-233x300.png 233w, https:\/\/www.ifsi-ifas-valentine-labbe.fr\/wp-content\/uploads\/2026\/04\/auxi-1-768x988.png 768w, https:\/\/www.ifsi-ifas-valentine-labbe.fr\/wp-content\/uploads\/2026\/04\/auxi-1-1194x1536.png 1194w, https:\/\/www.ifsi-ifas-valentine-labbe.fr\/wp-content\/uploads\/2026\/04\/auxi-1.png 1514w\" sizes=\"auto, (max-width: 796px) 100vw, 796px\" \/><\/figure><div class=\"wp-block-media-text__content\">\n<h3 class=\"wp-block-heading has-ast-global-color-8-color has-text-color has-link-color wp-elements-5f0e625a9f6c96f92c5e1b13d510608d\">Vos missions au quotidien<\/h3>\n\n\n\n<p class=\"has-ast-global-color-8-color has-text-color has-link-color wp-elements-bda9af333b4899f7a7cfa9ca01eacd3e\">Votre r\u00f4le d\u00e9passe le simple soin ; vous \u00eates l&rsquo;acteur de l&rsquo;\u00e9veil et de la s\u00e9curit\u00e9 de l&rsquo;enfant :<\/p>\n\n\n\n<ul class=\"wp-block-list has-ast-global-color-8-color has-text-color has-link-color wp-elements-2c0620ccb0a1a83813289ad49f8b1019\">\n<li>Assurer l&rsquo;hygi\u00e8ne et le confort des nouveau-n\u00e9s et jeunes enfants.<\/li>\n\n\n\n<li>Accompagner les repas, la toilette et les moments de repos.<\/li>\n\n\n\n<li class=\"has-ast-global-color-8-color has-text-color has-link-color wp-elements-19ed3f2ed0c856c64bb4a13db5ece355\">Concevoir et animer des activit\u00e9s d&rsquo;\u00e9veil et de loisirs.<\/li>\n\n\n\n<li>G\u00e9rer l&rsquo;entretien du mat\u00e9riel de pu\u00e9riculture.<\/li>\n<\/ul>\n\n\n\n<h3 class=\"wp-block-heading has-ast-global-color-8-color has-text-color has-link-color wp-elements-f0e3e4e2460cf8b603b41543d2c2cff0\">Admission et Pr\u00e9-requis<\/h3>\n\n\n\n<p class=\"has-ast-global-color-8-color has-text-color has-link-color wp-elements-6b111cc8d91c11b4dd57c5d80cadb45c\">Cette section sp\u00e9cifique s&rsquo;adresse aux profils ayant d\u00e9j\u00e0 une base solide en soins \u00e0 la personne :<\/p>\n\n\n\n<ul class=\"wp-block-list\">\n<li class=\"has-ast-global-color-8-color has-text-color has-link-color wp-elements-26361cc6d794783e37a341f8581e03af\"><strong>Profil recherch\u00e9 :<\/strong> \u00catre titulaire (ou en terminale) du <strong>BAC PRO ASSP<\/strong> (Accompagnement, Soins et Services \u00e0 la Personne).<\/li>\n<\/ul>\n\n\n\n<ul class=\"wp-block-list\">\n<li class=\"has-ast-global-color-8-color has-text-color has-link-color wp-elements-0d61c4f408f0436afe7458ebd91d4129\"><strong>S\u00e9lection :<\/strong> Sur dossier de candidature.<\/li>\n<\/ul>\n\n\n\n<ul class=\"wp-block-list\">\n<li class=\"has-ast-global-color-8-color has-text-color has-link-color wp-elements-74bad8b93a9b25dabddb2045365b3fcc\"><strong>Condition finale :<\/strong> L&rsquo;admission est valid\u00e9e une fois le Bac obtenu et le <strong>contrat d&rsquo;apprentissage sign\u00e9<\/strong> avec une structure d&rsquo;accueil.<\/li>\n<\/ul>\n\n\n\n<h3 class=\"wp-block-heading has-ast-global-color-8-color has-text-color has-link-color wp-elements-3820d2a32dc761c76448a8b01bdc8ced\">Stages et \u00c9quipement<\/h3>\n\n\n\n<p class=\"has-ast-global-color-8-color has-text-color has-link-color wp-elements-c3d990171889d8d1c3e7401cf4e96f7a\">M\u00eame en apprentissage, la formation est compl\u00e9t\u00e9e par des stages ext\u00e9rieurs pour d\u00e9couvrir d&rsquo;autres facettes du m\u00e9tier (secteur hospitalier, handicap ou maternit\u00e9).<\/p>\n\n\n\n<ul class=\"wp-block-list\">\n<li class=\"has-ast-global-color-8-color has-text-color has-link-color wp-elements-a712e08b2342d7538602e1e250a4f3f8\"><strong>\u00c9quipement :<\/strong> Le trousseau professionnel (2 tuniques et 2 pantalons) est propos\u00e9 au tarif de 32\u20ac.<\/li>\n<\/ul>\n<\/div><\/div>\n<\/div>\n\n\n\n<p><\/p>\n","protected":false},"excerpt":{"rendered":"<p>Le Dipl\u00f4me d\u2019\u00c9tat Auxiliaire de Pu\u00e9riculture (DEAP) L\u2019auxiliaire de pu\u00e9riculture est le sp\u00e9cialiste du bien-\u00eatre des tout-petits. Sous la responsabilit\u00e9 [&hellip;]<\/p>\n","protected":false},"author":4,"featured_media":0,"parent":0,"menu_order":0,"comment_status":"closed","ping_status":"closed","template":"","meta":{"site-sidebar-layout":"default","site-content-layout":"","ast-site-content-layout":"default","site-content-style":"default","site-sidebar-style":"default","ast-global-header-display":"","ast-banner-title-visibility":"","ast-main-header-display":"","ast-hfb-above-header-display":"","ast-hfb-below-header-display":"","ast-hfb-mobile-header-display":"","site-post-title":"","ast-breadcrumbs-content":"","ast-featured-img":"","footer-sml-layout":"","ast-disable-related-posts":"","theme-transparent-header-meta":"","adv-header-id-meta":"","stick-header-meta":"","header-above-stick-meta":"","header-main-stick-meta":"","header-below-stick-meta":"","astra-migrate-meta-layouts":"default","ast-page-background-enabled":"default","ast-page-background-meta":{"desktop":{"background-color":"var(--ast-global-color-5)","background-image":"","background-repeat":"repeat","background-position":"center center","background-size":"auto","background-attachment":"scroll","background-type":"","background-media":"","overlay-type":"","overlay-color":"","overlay-opacity":"","overlay-gradient":""},"tablet":{"background-color":"","background-image":"","background-repeat":"repeat","background-position":"center center","background-size":"auto","background-attachment":"scroll","background-type":"","background-media":"","overlay-type":"","overlay-color":"","overlay-opacity":"","overlay-gradient":""},"mobile":{"background-color":"","background-image":"","background-repeat":"repeat","background-position":"center center","background-size":"auto","background-attachment":"scroll","background-type":"","background-media":"","overlay-type":"","overlay-color":"","overlay-opacity":"","overlay-gradient":""}},"ast-content-background-meta":{"desktop":{"background-color":"var(--ast-global-color-4)","background-image":"","background-repeat":"repeat","background-position":"center center","background-size":"auto","background-attachment":"scroll","background-type":"","background-media":"","overlay-type":"","overlay-color":"","overlay-opacity":"","overlay-gradient":""},"tablet":{"background-color":"var(--ast-global-color-4)","background-image":"","background-repeat":"repeat","background-position":"center center","background-size":"auto","background-attachment":"scroll","background-type":"","background-media":"","overlay-type":"","overlay-color":"","overlay-opacity":"","overlay-gradient":""},"mobile":{"background-color":"var(--ast-global-color-4)","background-image":"","background-repeat":"repeat","background-position":"center center","background-size":"auto","background-attachment":"scroll","background-type":"","background-media":"","overlay-type":"","overlay-color":"","overlay-opacity":"","overlay-gradient":""}},"footnotes":""},"class_list":["post-105","page","type-page","status-publish","hentry"],"_links":{"self":[{"href":"https:\/\/www.ifsi-ifas-valentine-labbe.fr\/index.php\/wp-json\/wp\/v2\/pages\/105","targetHints":{"allow":["GET"]}}],"collection":[{"href":"https:\/\/www.ifsi-ifas-valentine-labbe.fr\/index.php\/wp-json\/wp\/v2\/pages"}],"about":[{"href":"https:\/\/www.ifsi-ifas-valentine-labbe.fr\/index.php\/wp-json\/wp\/v2\/types\/page"}],"author":[{"embeddable":true,"href":"https:\/\/www.ifsi-ifas-valentine-labbe.fr\/index.php\/wp-json\/wp\/v2\/users\/4"}],"replies":[{"embeddable":true,"href":"https:\/\/www.ifsi-ifas-valentine-labbe.fr\/index.php\/wp-json\/wp\/v2\/comments?post=105"}],"version-history":[{"count":2,"href":"https:\/\/www.ifsi-ifas-valentine-labbe.fr\/index.php\/wp-json\/wp\/v2\/pages\/105\/revisions"}],"predecessor-version":[{"id":109,"href":"https:\/\/www.ifsi-ifas-valentine-labbe.fr\/index.php\/wp-json\/wp\/v2\/pages\/105\/revisions\/109"}],"wp:attachment":[{"href":"https:\/\/www.ifsi-ifas-valentine-labbe.fr\/index.php\/wp-json\/wp\/v2\/media?parent=105"}],"curies":[{"name":"wp","href":"https:\/\/api.w.org\/{rel}","templated":true}]}}