{"id":117,"date":"2026-04-15T14:30:12","date_gmt":"2026-04-15T14:30:12","guid":{"rendered":"https:\/\/www.ifsi-ifas-valentine-labbe.fr\/?page_id=117"},"modified":"2026-04-15T14:32:54","modified_gmt":"2026-04-15T14:32:54","slug":"formation-manipulateur-en-electroradiologie-medicale","status":"publish","type":"page","link":"https:\/\/www.ifsi-ifas-valentine-labbe.fr\/index.php\/formation-manipulateur-en-electroradiologie-medicale\/","title":{"rendered":"Formation Manipulateur en \u00c9lectroradiologie M\u00e9dicale"},"content":{"rendered":"\n<div class=\"wp-block-group alignfull is-layout-constrained wp-block-group-is-layout-constrained\" style=\"margin-top:0;margin-bottom:0\">\n<div class=\"wp-block-columns alignwide is-layout-flex wp-container-core-columns-is-layout-b7acd7fb wp-block-columns-is-layout-flex\" style=\"margin-top:0;margin-bottom:0;padding-top:0;padding-right:0;padding-bottom:0;padding-left:0\">\n<div class=\"wp-block-column is-layout-flow wp-block-column-is-layout-flow\">\n<h2 class=\"wp-block-heading\">Le DTS IMRT : Manipulateur en \u00c9lectroradiologie M\u00e9dicale<\/h2>\n\n\n\n<p class=\"has-text-color has-extra-small-font-size\" style=\"color:#000000\">Le manipulateur radio est au carrefour de la <strong>haute technologie<\/strong> et du <strong>soin<\/strong>. C\u2019est un professionnel de sant\u00e9 qui utilise des rayonnements ionisants et d\u2019autres agents physiques pour r\u00e9aliser des examens d&rsquo;imagerie ou des traitements (radioth\u00e9rapie). Sous la responsabilit\u00e9 d&rsquo;un m\u00e9decin, il allie pr\u00e9cision technique et accompagnement psychologique du patient.<\/p>\n\n\n\n<h3 class=\"wp-block-heading has-text-color has-extra-small-font-size\" style=\"color:#000000\">Organisation du cursus<\/h3>\n\n\n\n<p class=\"has-ast-global-color-8-color has-text-color has-link-color wp-elements-2dd285749da0b5e9d6482102fc3226ed\">La formation s&rsquo;\u00e9tale sur 3 ans et conf\u00e8re le <strong>Grade de Licence<\/strong> (180 cr\u00e9dits ECTS). Elle repose sur une alternance stricte :<\/p>\n\n\n\n<ul class=\"wp-block-list\">\n<li class=\"has-ast-global-color-8-color has-text-color has-link-color wp-elements-13ca20eb6381339911214ba87bdcb0b6\"><strong>Rythme :<\/strong> La formation est bas\u00e9e sur une semaine de 35 heures, que ce soit au lyc\u00e9e ou en stage.<\/li>\n<\/ul>\n\n\n\n<ul class=\"wp-block-list\">\n<li class=\"has-ast-global-color-8-color has-text-color has-link-color wp-elements-d544e19219a789554cde494e7f15a32e\"><strong>Enseignement (2100h) :<\/strong> Cours th\u00e9oriques, Travaux Dirig\u00e9s (TD) et Travaux Pratiques (TP) ax\u00e9s sur les sciences physiques, biologiques et les techniques professionnelles.<\/li>\n<\/ul>\n\n\n\n<ul class=\"wp-block-list\">\n<li class=\"has-ast-global-color-8-color has-text-color has-link-color wp-elements-6fe9c94ebe32a75000e2f0e6d7af0568\"><strong>Formation Clinique (2100h) :<\/strong> Des stages en immersion dans les services d&rsquo;imagerie m\u00e9dicale, de m\u00e9decine nucl\u00e9aire et de radioth\u00e9rapie.<\/li>\n<\/ul>\n<\/div>\n\n\n\n<div class=\"wp-block-column is-layout-flow wp-block-column-is-layout-flow\">\n<p class=\"has-text-color has-extra-small-font-size\" style=\"color:#000000\"><\/p>\n\n\n\n<figure class=\"wp-block-image size-large is-resized has-custom-border\" style=\"margin-right:var(--wp--preset--spacing--40);margin-left:var(--wp--preset--spacing--40)\"><img loading=\"lazy\" decoding=\"async\" width=\"796\" height=\"1024\" src=\"http:\/\/www.ifsi-ifas-valentine-labbe.fr\/wp-content\/uploads\/2026\/04\/imrt-796x1024.png\" alt=\"\" class=\"wp-image-121\" style=\"border-top-left-radius:0px;border-top-right-radius:0px;border-bottom-left-radius:0px;border-bottom-right-radius:0px;aspect-ratio:0.75;object-fit:contain;width:482px;height:auto\" srcset=\"https:\/\/www.ifsi-ifas-valentine-labbe.fr\/wp-content\/uploads\/2026\/04\/imrt-796x1024.png 796w, https:\/\/www.ifsi-ifas-valentine-labbe.fr\/wp-content\/uploads\/2026\/04\/imrt-233x300.png 233w, https:\/\/www.ifsi-ifas-valentine-labbe.fr\/wp-content\/uploads\/2026\/04\/imrt-768x988.png 768w, https:\/\/www.ifsi-ifas-valentine-labbe.fr\/wp-content\/uploads\/2026\/04\/imrt-1194x1536.png 1194w, https:\/\/www.ifsi-ifas-valentine-labbe.fr\/wp-content\/uploads\/2026\/04\/imrt.png 1514w\" sizes=\"auto, (max-width: 796px) 100vw, 796px\" \/><\/figure>\n<\/div>\n<\/div>\n\n\n\n<div class=\"wp-block-media-text is-stacked-on-mobile\" style=\"padding-right:0;padding-left:0;grid-template-columns:36% auto\"><figure class=\"wp-block-media-text__media\"><img loading=\"lazy\" decoding=\"async\" width=\"796\" height=\"1024\" src=\"http:\/\/www.ifsi-ifas-valentine-labbe.fr\/wp-content\/uploads\/2026\/04\/imrt-1-796x1024.png\" alt=\"\" class=\"wp-image-120 size-full\" srcset=\"https:\/\/www.ifsi-ifas-valentine-labbe.fr\/wp-content\/uploads\/2026\/04\/imrt-1-796x1024.png 796w, https:\/\/www.ifsi-ifas-valentine-labbe.fr\/wp-content\/uploads\/2026\/04\/imrt-1-233x300.png 233w, https:\/\/www.ifsi-ifas-valentine-labbe.fr\/wp-content\/uploads\/2026\/04\/imrt-1-768x988.png 768w, https:\/\/www.ifsi-ifas-valentine-labbe.fr\/wp-content\/uploads\/2026\/04\/imrt-1-1194x1536.png 1194w, https:\/\/www.ifsi-ifas-valentine-labbe.fr\/wp-content\/uploads\/2026\/04\/imrt-1.png 1514w\" sizes=\"auto, (max-width: 796px) 100vw, 796px\" \/><\/figure><div class=\"wp-block-media-text__content\">\n<h3 class=\"wp-block-heading\">Profil et Aptitudes requises<\/h3>\n\n\n\n<p class=\"has-ast-global-color-8-color has-text-color has-link-color wp-elements-18b465d488732a0ef2be48ee9daebc7d\">Cette formation exige un \u00e9quilibre entre esprit scientifique et sens humain :<\/p>\n\n\n\n<ul class=\"wp-block-list has-ast-global-color-8-color has-text-color has-link-color wp-elements-6b958019977182db50720b7681db3a31\">\n<li><strong>Dipl\u00f4mes :<\/strong> Baccalaur\u00e9at (S, ST2S ou STL recommand\u00e9). Un bon niveau en sciences physiques et naturelles est essentiel.<\/li>\n\n\n\n<li><strong>Qualit\u00e9s :<\/strong> Sens des responsabilit\u00e9s, m\u00e9thode, rapidit\u00e9 d&rsquo;ex\u00e9cution et bonne condition physique.<\/li>\n\n\n\n<li><strong>Sant\u00e9 :<\/strong> Un certificat m\u00e9dical d&rsquo;aptitude et une mise \u00e0 jour compl\u00e8te des vaccinations sont obligatoires d\u00e8s la rentr\u00e9e.<\/li>\n<\/ul>\n\n\n\n<h3 class=\"wp-block-heading\">D\u00e9bouch\u00e9s et Carri\u00e8re<\/h3>\n\n\n\n<p class=\"has-ast-global-color-8-color has-text-color has-link-color wp-elements-0e389aed75c57f94a7e95e186bcbd7b4\">Le dipl\u00f4me IMRT permet une insertion imm\u00e9diate avec des perspectives d&rsquo;\u00e9volution vari\u00e9es :<\/p>\n\n\n\n<ul class=\"wp-block-list has-ast-global-color-8-color has-text-color has-link-color wp-elements-ffeb6c9e61d453bb17c41df37dafab85\">\n<li><strong>Secteurs :<\/strong> H\u00f4pitaux publics, cliniques priv\u00e9es, cabinets d&rsquo;imagerie, centres de lutte contre le cancer.<\/li>\n\n\n\n<li><strong>Sp\u00e9cialisations :<\/strong> \u00c9chographie (DIU), Dosim\u00e9trie (calcul des doses en radioth\u00e9rapie).<\/li>\n\n\n\n<li><strong>\u00c9volution :<\/strong> Acc\u00e8s au dipl\u00f4me de Cadre de Sant\u00e9.<\/li>\n<\/ul>\n\n\n\n<h3 class=\"wp-block-heading has-ast-global-color-8-color has-text-color has-link-color wp-elements-3e13391d93670f3a31681148da9368c9\">Inscription et Co\u00fbt<\/h3>\n\n\n\n<ul class=\"wp-block-list has-ast-global-color-8-color has-text-color has-link-color wp-elements-4cb21d98878faf8910291489f8494653\">\n<li><strong>Candidature :<\/strong> Le recrutement s&rsquo;effectue exclusivement via la plateforme <strong>Parcoursup<\/strong>.<\/li>\n\n\n\n<li><strong>Frais :<\/strong> Une adh\u00e9sion \u00e0 la coop\u00e9rative du lyc\u00e9e (environ 100\u20ac) permet de couvrir les frais p\u00e9dagogiques sp\u00e9cifiques \u00e0 la formation.<\/li>\n<\/ul>\n<\/div><\/div>\n<\/div>\n\n\n\n<p><\/p>\n","protected":false},"excerpt":{"rendered":"<p>Le DTS IMRT : Manipulateur en \u00c9lectroradiologie M\u00e9dicale Le manipulateur radio est au carrefour de la haute technologie et du [&hellip;]<\/p>\n","protected":false},"author":4,"featured_media":0,"parent":0,"menu_order":0,"comment_status":"closed","ping_status":"closed","template":"","meta":{"site-sidebar-layout":"default","site-content-layout":"","ast-site-content-layout":"default","site-content-style":"default","site-sidebar-style":"default","ast-global-header-display":"","ast-banner-title-visibility":"","ast-main-header-display":"","ast-hfb-above-header-display":"","ast-hfb-below-header-display":"","ast-hfb-mobile-header-display":"","site-post-title":"","ast-breadcrumbs-content":"","ast-featured-img":"","footer-sml-layout":"","ast-disable-related-posts":"","theme-transparent-header-meta":"","adv-header-id-meta":"","stick-header-meta":"","header-above-stick-meta":"","header-main-stick-meta":"","header-below-stick-meta":"","astra-migrate-meta-layouts":"default","ast-page-background-enabled":"default","ast-page-background-meta":{"desktop":{"background-color":"var(--ast-global-color-5)","background-image":"","background-repeat":"repeat","background-position":"center center","background-size":"auto","background-attachment":"scroll","background-type":"","background-media":"","overlay-type":"","overlay-color":"","overlay-opacity":"","overlay-gradient":""},"tablet":{"background-color":"","background-image":"","background-repeat":"repeat","background-position":"center center","background-size":"auto","background-attachment":"scroll","background-type":"","background-media":"","overlay-type":"","overlay-color":"","overlay-opacity":"","overlay-gradient":""},"mobile":{"background-color":"","background-image":"","background-repeat":"repeat","background-position":"center center","background-size":"auto","background-attachment":"scroll","background-type":"","background-media":"","overlay-type":"","overlay-color":"","overlay-opacity":"","overlay-gradient":""}},"ast-content-background-meta":{"desktop":{"background-color":"var(--ast-global-color-4)","background-image":"","background-repeat":"repeat","background-position":"center center","background-size":"auto","background-attachment":"scroll","background-type":"","background-media":"","overlay-type":"","overlay-color":"","overlay-opacity":"","overlay-gradient":""},"tablet":{"background-color":"var(--ast-global-color-4)","background-image":"","background-repeat":"repeat","background-position":"center center","background-size":"auto","background-attachment":"scroll","background-type":"","background-media":"","overlay-type":"","overlay-color":"","overlay-opacity":"","overlay-gradient":""},"mobile":{"background-color":"var(--ast-global-color-4)","background-image":"","background-repeat":"repeat","background-position":"center center","background-size":"auto","background-attachment":"scroll","background-type":"","background-media":"","overlay-type":"","overlay-color":"","overlay-opacity":"","overlay-gradient":""}},"footnotes":""},"class_list":["post-117","page","type-page","status-publish","hentry"],"_links":{"self":[{"href":"https:\/\/www.ifsi-ifas-valentine-labbe.fr\/index.php\/wp-json\/wp\/v2\/pages\/117","targetHints":{"allow":["GET"]}}],"collection":[{"href":"https:\/\/www.ifsi-ifas-valentine-labbe.fr\/index.php\/wp-json\/wp\/v2\/pages"}],"about":[{"href":"https:\/\/www.ifsi-ifas-valentine-labbe.fr\/index.php\/wp-json\/wp\/v2\/types\/page"}],"author":[{"embeddable":true,"href":"https:\/\/www.ifsi-ifas-valentine-labbe.fr\/index.php\/wp-json\/wp\/v2\/users\/4"}],"replies":[{"embeddable":true,"href":"https:\/\/www.ifsi-ifas-valentine-labbe.fr\/index.php\/wp-json\/wp\/v2\/comments?post=117"}],"version-history":[{"count":3,"href":"https:\/\/www.ifsi-ifas-valentine-labbe.fr\/index.php\/wp-json\/wp\/v2\/pages\/117\/revisions"}],"predecessor-version":[{"id":123,"href":"https:\/\/www.ifsi-ifas-valentine-labbe.fr\/index.php\/wp-json\/wp\/v2\/pages\/117\/revisions\/123"}],"wp:attachment":[{"href":"https:\/\/www.ifsi-ifas-valentine-labbe.fr\/index.php\/wp-json\/wp\/v2\/media?parent=117"}],"curies":[{"name":"wp","href":"https:\/\/api.w.org\/{rel}","templated":true}]}}