{"id":148,"date":"2026-04-28T14:11:40","date_gmt":"2026-04-28T14:11:40","guid":{"rendered":"https:\/\/www.ifsi-ifas-valentine-labbe.fr\/?page_id=148"},"modified":"2026-04-28T14:24:44","modified_gmt":"2026-04-28T14:24:44","slug":"inscriptions","status":"publish","type":"page","link":"https:\/\/www.ifsi-ifas-valentine-labbe.fr\/index.php\/inscriptions\/","title":{"rendered":"Inscriptions"},"content":{"rendered":"\n<div class=\"wp-block-columns is-layout-flex wp-container-core-columns-is-layout-28f84493 wp-block-columns-is-layout-flex\">\n<div class=\"wp-block-column is-layout-flow wp-block-column-is-layout-flow\">\n<h3 class=\"wp-block-heading\">Devenir Aide-Soignant (DEAS)<\/h3>\n\n\n\n<p class=\"has-ast-global-color-8-color has-text-color has-link-color wp-elements-7fcdb5e73ce5524f6c50a8ced9f51a62\" style=\"font-size:18px\">La formation conduit au Dipl\u00f4me d&rsquo;\u00c9tat d&rsquo;Aide-Soignant. Elle est accessible par la voie initiale ou par l&rsquo;apprentissage.<\/p>\n\n\n\n<ul style=\"font-size:18px\" class=\"wp-block-list\">\n<li class=\"has-ast-global-color-8-color has-text-color has-link-color wp-elements-3565c1b5bf6ff4f038b6ca2452b5eb4c\" style=\"font-size:18px\"><strong>Mode de s\u00e9lection :<\/strong> Examen du dossier de candidature suivi d&rsquo;un entretien oral devant un jury.<\/li>\n\n\n\n<li class=\"has-ast-global-color-8-color has-text-color has-link-color wp-elements-09d3107fd4919005367e6fd23f431afc\" style=\"font-size:18px\"><strong>Public :<\/strong> Ouvert aux \u00e9l\u00e8ves en poursuite d&rsquo;\u00e9tudes, aux personnes en reconversion ou aux demandeurs d&#8217;emploi.<\/li>\n\n\n\n<li class=\"has-ast-global-color-8-color has-text-color has-link-color wp-elements-0a647e680ee2029edb778e299f267af6\" style=\"font-size:18px\"><strong>Dossier :<\/strong> T\u00e9l\u00e9charger le dossier d&rsquo;inscription Aide-Soignant 2026<\/li>\n<\/ul>\n<\/div>\n\n\n\n<div class=\"wp-block-column is-layout-flow wp-block-column-is-layout-flow\">\n<div class=\"wp-block-file\" style=\"margin-right:0;margin-left:0;padding-top:0;padding-bottom:0\"><a id=\"wp-block-file--media-6650db18-98dd-4452-9e60-eafc88d205fe\" href=\"https:\/\/www.ifsi-ifas-valentine-labbe.fr\/wp-content\/uploads\/2026\/04\/dossier-concours-AS-modalite-pour-site-1-1.pdf\">Dossier Formation Initial<\/a><a href=\"https:\/\/www.ifsi-ifas-valentine-labbe.fr\/wp-content\/uploads\/2026\/04\/dossier-concours-AS-modalite-pour-site-1-1.pdf\" class=\"wp-block-file__button wp-element-button\" download aria-describedby=\"wp-block-file--media-6650db18-98dd-4452-9e60-eafc88d205fe\">T\u00e9l\u00e9charger<\/a><\/div>\n\n\n\n<div class=\"wp-block-file\"><a id=\"wp-block-file--media-288520d7-7cfb-4bb7-8928-b7907606a6f9\" href=\"https:\/\/www.ifsi-ifas-valentine-labbe.fr\/wp-content\/uploads\/2026\/04\/Dossier-candidature-apprentissage-1.pdf\">Dossier Formation en Apprentissage<\/a><a href=\"https:\/\/www.ifsi-ifas-valentine-labbe.fr\/wp-content\/uploads\/2026\/04\/Dossier-candidature-apprentissage-1.pdf\" class=\"wp-block-file__button wp-element-button\" download aria-describedby=\"wp-block-file--media-288520d7-7cfb-4bb7-8928-b7907606a6f9\">T\u00e9l\u00e9charger<\/a><\/div>\n<\/div>\n<\/div>\n\n\n\n<div class=\"wp-block-columns is-layout-flex wp-container-core-columns-is-layout-28f84493 wp-block-columns-is-layout-flex\">\n<div class=\"wp-block-column is-layout-flow wp-block-column-is-layout-flow\">\n<h3 class=\"wp-block-heading\">Devenir Auxiliaire de Pu\u00e9riculture (DEAP)<\/h3>\n\n\n\n<p class=\"has-ast-global-color-8-color has-text-color has-link-color wp-elements-401b9cb77484c434d0e014bddd5a1e62\">Sp\u00e9cialisez vous dans l&rsquo;accompagnement des tout-petits et le soutien aux familles.<\/p>\n\n\n\n<ul class=\"wp-block-list\">\n<li class=\"has-ast-global-color-8-color has-text-color has-link-color wp-elements-f4bd37ad1ba9c58a8b51fd4914e2b5a2\"><strong>Mode de s\u00e9lection :<\/strong> S\u00e9lection sur dossier de candidature et entretien de motivation.<\/li>\n\n\n\n<li class=\"has-ast-global-color-8-color has-text-color has-link-color wp-elements-2aa9c3bdff9500e4226b7084df4418e0\"><strong>Public :<\/strong> Accessible d\u00e8s 17 ans, sans condition de dipl\u00f4me initial.<\/li>\n\n\n\n<li class=\"has-ast-global-color-8-color has-text-color has-link-color wp-elements-c41b507ccc5efb043f9f9c2201b49356\"><strong>Dossier :<\/strong>  T\u00e9l\u00e9charger le dossier d&rsquo;inscription Auxiliaire de Pu\u00e9riculture 2026]<\/li>\n<\/ul>\n<\/div>\n\n\n\n<div class=\"wp-block-column is-layout-flow wp-block-column-is-layout-flow\">\n<div class=\"wp-block-file\" style=\"margin-right:0;margin-left:0;padding-top:0;padding-bottom:0\"><a id=\"wp-block-file--media-58967b70-eb95-4f99-90fe-233a07a92dae\" href=\"http:\/\/www.ifsi-ifas-valentine-labbe.fr\/wp-content\/uploads\/2026\/04\/Dossier-candidature-formation-AP-initiale.pdf\">Dossier Formation Initial<\/a><a href=\"http:\/\/www.ifsi-ifas-valentine-labbe.fr\/wp-content\/uploads\/2026\/04\/Dossier-candidature-formation-AP-initiale.pdf\" class=\"wp-block-file__button wp-element-button\" download aria-describedby=\"wp-block-file--media-58967b70-eb95-4f99-90fe-233a07a92dae\">T\u00e9l\u00e9charger<\/a><\/div>\n\n\n\n<div class=\"wp-block-file\"><a id=\"wp-block-file--media-288520d7-7cfb-4bb7-8928-b7907606a6f9\" href=\"https:\/\/www.ifsi-ifas-valentine-labbe.fr\/wp-content\/uploads\/2026\/04\/Dossier-candidature-apprentissage-1.pdf\">Dossier Formation en Apprentissage<\/a><a href=\"https:\/\/www.ifsi-ifas-valentine-labbe.fr\/wp-content\/uploads\/2026\/04\/Dossier-candidature-apprentissage-1.pdf\" class=\"wp-block-file__button wp-element-button\" download aria-describedby=\"wp-block-file--media-288520d7-7cfb-4bb7-8928-b7907606a6f9\">T\u00e9l\u00e9charger<\/a><\/div>\n<\/div>\n<\/div>\n","protected":false},"excerpt":{"rendered":"<p>Devenir Aide-Soignant (DEAS) La formation conduit au Dipl\u00f4me d&rsquo;\u00c9tat d&rsquo;Aide-Soignant. Elle est accessible par la voie initiale ou par l&rsquo;apprentissage. [&hellip;]<\/p>\n","protected":false},"author":4,"featured_media":0,"parent":0,"menu_order":0,"comment_status":"closed","ping_status":"closed","template":"","meta":{"site-sidebar-layout":"default","site-content-layout":"","ast-site-content-layout":"default","site-content-style":"default","site-sidebar-style":"default","ast-global-header-display":"","ast-banner-title-visibility":"","ast-main-header-display":"","ast-hfb-above-header-display":"","ast-hfb-below-header-display":"","ast-hfb-mobile-header-display":"","site-post-title":"","ast-breadcrumbs-content":"","ast-featured-img":"","footer-sml-layout":"","ast-disable-related-posts":"","theme-transparent-header-meta":"","adv-header-id-meta":"","stick-header-meta":"","header-above-stick-meta":"","header-main-stick-meta":"","header-below-stick-meta":"","astra-migrate-meta-layouts":"default","ast-page-background-enabled":"default","ast-page-background-meta":{"desktop":{"background-color":"var(--ast-global-color-5)","background-image":"","background-repeat":"repeat","background-position":"center center","background-size":"auto","background-attachment":"scroll","background-type":"","background-media":"","overlay-type":"","overlay-color":"","overlay-opacity":"","overlay-gradient":""},"tablet":{"background-color":"","background-image":"","background-repeat":"repeat","background-position":"center center","background-size":"auto","background-attachment":"scroll","background-type":"","background-media":"","overlay-type":"","overlay-color":"","overlay-opacity":"","overlay-gradient":""},"mobile":{"background-color":"","background-image":"","background-repeat":"repeat","background-position":"center center","background-size":"auto","background-attachment":"scroll","background-type":"","background-media":"","overlay-type":"","overlay-color":"","overlay-opacity":"","overlay-gradient":""}},"ast-content-background-meta":{"desktop":{"background-color":"var(--ast-global-color-4)","background-image":"","background-repeat":"repeat","background-position":"center center","background-size":"auto","background-attachment":"scroll","background-type":"","background-media":"","overlay-type":"","overlay-color":"","overlay-opacity":"","overlay-gradient":""},"tablet":{"background-color":"var(--ast-global-color-4)","background-image":"","background-repeat":"repeat","background-position":"center center","background-size":"auto","background-attachment":"scroll","background-type":"","background-media":"","overlay-type":"","overlay-color":"","overlay-opacity":"","overlay-gradient":""},"mobile":{"background-color":"var(--ast-global-color-4)","background-image":"","background-repeat":"repeat","background-position":"center center","background-size":"auto","background-attachment":"scroll","background-type":"","background-media":"","overlay-type":"","overlay-color":"","overlay-opacity":"","overlay-gradient":""}},"footnotes":""},"class_list":["post-148","page","type-page","status-publish","hentry"],"_links":{"self":[{"href":"https:\/\/www.ifsi-ifas-valentine-labbe.fr\/index.php\/wp-json\/wp\/v2\/pages\/148","targetHints":{"allow":["GET"]}}],"collection":[{"href":"https:\/\/www.ifsi-ifas-valentine-labbe.fr\/index.php\/wp-json\/wp\/v2\/pages"}],"about":[{"href":"https:\/\/www.ifsi-ifas-valentine-labbe.fr\/index.php\/wp-json\/wp\/v2\/types\/page"}],"author":[{"embeddable":true,"href":"https:\/\/www.ifsi-ifas-valentine-labbe.fr\/index.php\/wp-json\/wp\/v2\/users\/4"}],"replies":[{"embeddable":true,"href":"https:\/\/www.ifsi-ifas-valentine-labbe.fr\/index.php\/wp-json\/wp\/v2\/comments?post=148"}],"version-history":[{"count":4,"href":"https:\/\/www.ifsi-ifas-valentine-labbe.fr\/index.php\/wp-json\/wp\/v2\/pages\/148\/revisions"}],"predecessor-version":[{"id":156,"href":"https:\/\/www.ifsi-ifas-valentine-labbe.fr\/index.php\/wp-json\/wp\/v2\/pages\/148\/revisions\/156"}],"wp:attachment":[{"href":"https:\/\/www.ifsi-ifas-valentine-labbe.fr\/index.php\/wp-json\/wp\/v2\/media?parent=148"}],"curies":[{"name":"wp","href":"https:\/\/api.w.org\/{rel}","templated":true}]}}