{"id":19,"date":"2026-04-15T09:23:31","date_gmt":"2026-04-15T09:23:31","guid":{"rendered":"https:\/\/www.ifsi-ifas-valentine-labbe.fr\/?page_id=19"},"modified":"2026-04-15T14:39:14","modified_gmt":"2026-04-15T14:39:14","slug":"accueil","status":"publish","type":"page","link":"https:\/\/www.ifsi-ifas-valentine-labbe.fr\/","title":{"rendered":"Accueil"},"content":{"rendered":"\n<div class=\"wp-block-cover alignfull\" style=\"min-height:720px;aspect-ratio:unset;\"><span aria-hidden=\"true\" class=\"wp-block-cover__background has-background-dim-100 has-background-dim has-background-gradient\" style=\"background:linear-gradient(135deg,rgb(234,239,255) 0%,rgb(82,172,233) 100%)\"><\/span><div class=\"wp-block-cover__inner-container is-layout-flow wp-block-cover-is-layout-flow\">\n<div class=\"inherit-container-width wp-block-group alignwide is-layout-constrained wp-block-group-is-layout-constrained\">\n<div class=\"wp-block-media-text has-media-on-the-right is-stacked-on-mobile is-vertically-aligned-center alignwide\" style=\"padding-right:var(--wp--preset--spacing--50);padding-left:var(--wp--preset--spacing--50);grid-template-columns:auto 40%\"><div class=\"wp-block-media-text__content\">\n<h1 class=\"wp-block-heading has-text-align-left has-ast-global-color-0-color has-text-color has-x-large-font-size\">Construisez votre avenir au c\u0153ur du soin<\/h1>\n\n\n\n<p class=\"has-white-color has-text-color has-ast-global-color-5-color has-link-color has-medium-font-size wp-elements-909c2bfd5c8da70dba6f9cee5d48007d\">Vous aspirez \u00e0 devenir infirmier, auxiliaire de pu\u00e9riculture, aide-soignant ou manipulateur radio ? Donnez vie \u00e0 votre vocation au sein du P\u00f4le Sant\u00e9 du Lyc\u00e9e Valentine Labb\u00e9.<\/p>\n\n\n\n<div class=\"wp-block-buttons is-layout-flex wp-block-buttons-is-layout-flex\">\n<div class=\"wp-block-button is-style-fill\"><a class=\"wp-block-button__link has-ast-global-color-5-color has-ast-global-color-0-background-color has-text-color has-background has-link-color wp-element-button\">D\u00e9couvrir nos formations<\/a><\/div>\n<\/div>\n<\/div><figure class=\"wp-block-media-text__media\"><img loading=\"lazy\" decoding=\"async\" width=\"579\" height=\"431\" src=\"https:\/\/www.ifsi-ifas-valentine-labbe.fr\/wp-content\/uploads\/2026\/04\/Image-transparente-Pole-Sante.png\" alt=\"\" class=\"wp-image-67 size-full\" srcset=\"https:\/\/www.ifsi-ifas-valentine-labbe.fr\/wp-content\/uploads\/2026\/04\/Image-transparente-Pole-Sante.png 579w, https:\/\/www.ifsi-ifas-valentine-labbe.fr\/wp-content\/uploads\/2026\/04\/Image-transparente-Pole-Sante-300x223.png 300w\" sizes=\"auto, (max-width: 579px) 100vw, 579px\" \/><\/figure><\/div>\n<\/div>\n<\/div><\/div>\n\n\n\n<div class=\"wp-block-group alignfull is-content-justification-center is-layout-constrained wp-container-core-group-is-layout-4fce8093 wp-block-group-is-layout-constrained\" id=\"services\" style=\"padding-top:144px;padding-bottom:0px\">\n<h2 class=\"wp-block-heading\">Nos Formations<\/h2>\n\n\n\n<div class=\"wp-block-columns is-layout-flex wp-container-core-columns-is-layout-60cbf9bb wp-block-columns-is-layout-flex\" style=\"margin-top:50px\">\n<div class=\"wp-block-column is-layout-flow wp-container-core-column-is-layout-6b73ce23 wp-block-column-is-layout-flow\">\n<figure class=\"wp-block-image size-full\"><img loading=\"lazy\" decoding=\"async\" width=\"1050\" height=\"1350\" src=\"https:\/\/www.ifsi-ifas-valentine-labbe.fr\/wp-content\/uploads\/2026\/04\/infirmier.png\" alt=\"\" class=\"wp-image-85\" srcset=\"https:\/\/www.ifsi-ifas-valentine-labbe.fr\/wp-content\/uploads\/2026\/04\/infirmier.png 1050w, https:\/\/www.ifsi-ifas-valentine-labbe.fr\/wp-content\/uploads\/2026\/04\/infirmier-233x300.png 233w, https:\/\/www.ifsi-ifas-valentine-labbe.fr\/wp-content\/uploads\/2026\/04\/infirmier-796x1024.png 796w, https:\/\/www.ifsi-ifas-valentine-labbe.fr\/wp-content\/uploads\/2026\/04\/infirmier-768x987.png 768w\" sizes=\"auto, (max-width: 1050px) 100vw, 1050px\" \/><\/figure>\n\n\n\n<h3 class=\"wp-block-heading\" style=\"margin-top:16px\">Infirmier (IDE)<\/h3>\n\n\n\n<p class=\"has-ast-global-color-2-color has-text-color has-link-color wp-elements-f8ea00561f8bdf025037661fce317b88\">Accompagnez les patients \u00e0 chaque \u00e9tape de leur soin. Une formation d&rsquo;excellence alliant haute technicit\u00e9, sens de l&rsquo;observation et qualit\u00e9s humaines pour devenir un pilier du syst\u00e8me de sant\u00e9.<\/p>\n\n\n\n<div class=\"wp-block-buttons is-layout-flex wp-block-buttons-is-layout-flex\">\n<div class=\"wp-block-button has-custom-width wp-block-button__width-75 is-style-fill\"><a class=\"wp-block-button__link has-ast-global-color-5-color has-ast-global-color-0-background-color has-text-color has-background has-link-color has-small-font-size has-custom-font-size wp-element-button\" href=\"https:\/\/www.ifsi-ifas-valentine-labbe.fr\/index.php\/formation-soins-infirmiers\/\" style=\"padding-top:var(--wp--preset--spacing--30);padding-right:var(--wp--preset--spacing--20);padding-bottom:var(--wp--preset--spacing--30);padding-left:var(--wp--preset--spacing--20)\">En savoir plus<\/a><\/div>\n<\/div>\n<\/div>\n\n\n\n<div class=\"wp-block-column is-layout-flow wp-container-core-column-is-layout-6b73ce23 wp-block-column-is-layout-flow\">\n<figure class=\"wp-block-image size-full\"><img loading=\"lazy\" decoding=\"async\" width=\"1050\" height=\"1350\" src=\"http:\/\/www.ifsi-ifas-valentine-labbe.fr\/wp-content\/uploads\/2026\/04\/aide.png\" alt=\"\" class=\"wp-image-83\" srcset=\"https:\/\/www.ifsi-ifas-valentine-labbe.fr\/wp-content\/uploads\/2026\/04\/aide.png 1050w, https:\/\/www.ifsi-ifas-valentine-labbe.fr\/wp-content\/uploads\/2026\/04\/aide-233x300.png 233w, https:\/\/www.ifsi-ifas-valentine-labbe.fr\/wp-content\/uploads\/2026\/04\/aide-796x1024.png 796w, https:\/\/www.ifsi-ifas-valentine-labbe.fr\/wp-content\/uploads\/2026\/04\/aide-768x987.png 768w\" sizes=\"auto, (max-width: 1050px) 100vw, 1050px\" \/><\/figure>\n\n\n\n<h3 class=\"wp-block-heading\" style=\"margin-top:16px\">Aide Soignant (AS)<\/h3>\n\n\n\n<p class=\"has-ast-global-color-2-color has-text-color has-link-color wp-elements-72936933da70fa8e5f31eca92dc94fdc\">Devenez le garant du bien-\u00eatre et de l&rsquo;hygi\u00e8ne des personnes soign\u00e9es. Un m\u00e9tier de proximit\u00e9 essentiel o\u00f9 l&#8217;empathie et l&rsquo;accompagnement quotidien sont au c\u0153ur de votre mission.<\/p>\n\n\n\n<div class=\"wp-block-buttons is-layout-flex wp-block-buttons-is-layout-flex\">\n<div class=\"wp-block-button has-custom-width wp-block-button__width-75\"><a class=\"wp-block-button__link has-ast-global-color-5-color has-ast-global-color-0-background-color has-text-color has-background has-link-color has-small-font-size has-custom-font-size wp-element-button\" href=\"https:\/\/www.ifsi-ifas-valentine-labbe.fr\/index.php\/formation-aide-soignant\/\" style=\"padding-top:var(--wp--preset--spacing--30);padding-right:var(--wp--preset--spacing--20);padding-bottom:var(--wp--preset--spacing--30);padding-left:var(--wp--preset--spacing--20)\">En savoir plus<\/a><\/div>\n<\/div>\n<\/div>\n\n\n\n<div class=\"wp-block-column is-layout-flow wp-container-core-column-is-layout-6b73ce23 wp-block-column-is-layout-flow\">\n<figure class=\"wp-block-image size-full\"><img loading=\"lazy\" decoding=\"async\" width=\"1050\" height=\"1350\" src=\"http:\/\/www.ifsi-ifas-valentine-labbe.fr\/wp-content\/uploads\/2026\/04\/irm.png\" alt=\"\" class=\"wp-image-86\" srcset=\"https:\/\/www.ifsi-ifas-valentine-labbe.fr\/wp-content\/uploads\/2026\/04\/irm.png 1050w, https:\/\/www.ifsi-ifas-valentine-labbe.fr\/wp-content\/uploads\/2026\/04\/irm-233x300.png 233w, https:\/\/www.ifsi-ifas-valentine-labbe.fr\/wp-content\/uploads\/2026\/04\/irm-796x1024.png 796w, https:\/\/www.ifsi-ifas-valentine-labbe.fr\/wp-content\/uploads\/2026\/04\/irm-768x987.png 768w\" sizes=\"auto, (max-width: 1050px) 100vw, 1050px\" \/><\/figure>\n\n\n\n<h3 class=\"wp-block-heading\" style=\"margin-top:16px\">IMRT <\/h3>\n\n\n\n<p class=\"has-ast-global-color-2-color has-text-color has-link-color wp-elements-095edba46747e0366f41d80818c1f501\">Au croisement de la technologie et du soin, apprenez \u00e0 ma\u00eetriser l&rsquo;imagerie m\u00e9dicale et la radioth\u00e9rapie pour participer activement au diagnostic et au traitement des patients.<\/p>\n\n\n\n<div class=\"wp-block-buttons is-layout-flex wp-block-buttons-is-layout-flex\">\n<div class=\"wp-block-button has-custom-width wp-block-button__width-75\"><a class=\"wp-block-button__link has-ast-global-color-5-color has-ast-global-color-0-background-color has-text-color has-background has-link-color has-small-font-size has-custom-font-size wp-element-button\" href=\"https:\/\/www.ifsi-ifas-valentine-labbe.fr\/index.php\/formation-manipulateur-en-electroradiologie-medicale\/\" style=\"padding-top:var(--wp--preset--spacing--30);padding-right:var(--wp--preset--spacing--20);padding-bottom:var(--wp--preset--spacing--30);padding-left:var(--wp--preset--spacing--20)\">En savoir plus<\/a><\/div>\n<\/div>\n<\/div>\n\n\n\n<div class=\"wp-block-column is-layout-flow wp-container-core-column-is-layout-6b73ce23 wp-block-column-is-layout-flow\">\n<figure class=\"wp-block-image size-full\"><img loading=\"lazy\" decoding=\"async\" width=\"1050\" height=\"1350\" src=\"https:\/\/www.ifsi-ifas-valentine-labbe.fr\/wp-content\/uploads\/2026\/04\/auxi.png\" alt=\"\" class=\"wp-image-84\" srcset=\"https:\/\/www.ifsi-ifas-valentine-labbe.fr\/wp-content\/uploads\/2026\/04\/auxi.png 1050w, https:\/\/www.ifsi-ifas-valentine-labbe.fr\/wp-content\/uploads\/2026\/04\/auxi-233x300.png 233w, https:\/\/www.ifsi-ifas-valentine-labbe.fr\/wp-content\/uploads\/2026\/04\/auxi-796x1024.png 796w, https:\/\/www.ifsi-ifas-valentine-labbe.fr\/wp-content\/uploads\/2026\/04\/auxi-768x987.png 768w\" sizes=\"auto, (max-width: 1050px) 100vw, 1050px\" \/><\/figure>\n\n\n\n<h3 class=\"wp-block-heading\" style=\"margin-top:16px\">Auxiliaire de pu\u00e9riculture (AP)<\/h3>\n\n\n\n<p class=\"has-ast-global-color-2-color has-text-color has-link-color wp-elements-758d52a884687ac07064cae44658ed09\">Accompagnez les nouveau-n\u00e9s et les jeunes enfants dans leurs premi\u00e8res \u00e9tapes de vie. Un parcours d\u00e9di\u00e9 \u00e0 l&rsquo;\u00e9veil, au soin et au soutien des familles en maternit\u00e9 ou en structure d&rsquo;accueil.<\/p>\n\n\n\n<div class=\"wp-block-buttons is-layout-flex wp-block-buttons-is-layout-flex\">\n<div class=\"wp-block-button has-custom-width wp-block-button__width-75\"><a class=\"wp-block-button__link has-ast-global-color-5-color has-ast-global-color-0-background-color has-text-color has-background has-link-color has-small-font-size has-custom-font-size wp-element-button\" href=\"https:\/\/www.ifsi-ifas-valentine-labbe.fr\/index.php\/formation-auxiliaire-de-puericulture\/\" style=\"padding-top:var(--wp--preset--spacing--30);padding-right:var(--wp--preset--spacing--20);padding-bottom:var(--wp--preset--spacing--30);padding-left:var(--wp--preset--spacing--20)\">En savoir plus<\/a><\/div>\n<\/div>\n<\/div>\n<\/div>\n<\/div>\n\n\n\n<div class=\"wp-block-group alignfull has-ast-global-color-5-background-color has-background is-layout-constrained wp-container-core-group-is-layout-94d206d0 wp-block-group-is-layout-constrained\" id=\"about\" style=\"padding-top:143px;padding-bottom:144px\">\n<div class=\"wp-block-media-text has-media-on-the-right is-stacked-on-mobile is-vertically-aligned-center\"><div class=\"wp-block-media-text__content\">\n<div class=\"inherit-container-width wp-block-group is-layout-constrained wp-container-core-group-is-layout-47ce07ec wp-block-group-is-layout-constrained\" style=\"padding-right:80px\">\n<h2 class=\"wp-block-heading\" style=\"padding-right:40px\">Le lyc\u00e9e Valentine Labb\u00e9<\/h2>\n\n\n\n<p>Situ\u00e9 au c\u0153ur de la m\u00e9tropole, notre campus offre des plateaux techniques de pointe et des espaces collaboratifs d\u00e9di\u00e9s \u00e0 la r\u00e9ussite de vos projets en sant\u00e9 et social.<\/p>\n\n\n\n<p>Ici, tout est mis en \u0153uvre pour vous accompagner vers votre future vie professionnelle.<\/p>\n\n\n\n<p>41 rue Paul Doumer &#8211; 59563 La Madeleine Cedex Responsable P\u00f4le Sant\u00e9 : Yahya Amrir                T\u00e9l\u00e9phone : <a href=\"https:\/\/www.google.com\/search?q=lyc%C3%A9e+valentine+labb%C3%A9+ifsi&amp;sca_esv=55e9f3c856495c1e&amp;hl=fr&amp;sxsrf=ANbL-n6EGlca-cRuasai2oFNyNETMO-bDg%3A1776263826464&amp;source=hp&amp;ei=kqLfaZONGuKqkdUPwOGQkAU&amp;iflsig=AFdpzrgAAAAAad-woiyiSPM2v7479dBmiUuO37Lx41cE&amp;ved=0ahUKEwiTnpuzivCTAxViVaQEHcAwBFIQ4dUDCBk&amp;uact=5&amp;oq=lyc%C3%A9e+valentine+labb%C3%A9+ifsi&amp;gs_lp=Egdnd3Mtd2l6IhxseWPDqWUgdmFsZW50aW5lIGxhYmLDqSBpZnNpMgQQIxgnMggQABiABBiiBDIIEAAYgAQYogQyCBAAGIAEGKIEMggQABiiBBiJBTIIEAAYgAQYogRIixRQAFiyEnAAeACQAQCYAa4BoAGLB6oBAzMuNbgBA8gBAPgBAZgCCKACtwfCAgoQIxiABBgnGIoFwgIKECMY8AUYJxjJAsICCxAAGIAEGLEDGIMBwgILEC4YgAQYsQMYgwHCAg4QLhiABBixAxjRAxjHAcICCBAuGIAEGLEDwgIFEC4YgATCAg4QLhiABBjHARiOBRivAcICExAuGIAEGLEDGNEDGEMYxwEYigXCAhAQLhiABBhDGMcBGIoFGK8BwgITEC4YgAQYQxjHARiKBRiOBRivAcICBhAAGBYYHpgDAJIHAzMuNaAHi7YBsgcDMy41uAe3B8IHBTAuMi42yAcdgAgA&amp;sclient=gws-wiz#\">03 20 63 02 67<\/a>                                            E-mail : secretariat-ifsivl@ac-lille.fr<\/p>\n<\/div>\n<\/div><figure class=\"wp-block-media-text__media\"><img loading=\"lazy\" decoding=\"async\" width=\"1024\" height=\"640\" src=\"http:\/\/www.ifsi-ifas-valentine-labbe.fr\/wp-content\/uploads\/2026\/04\/lycee-1024x640.jpg\" alt=\"\" class=\"wp-image-49 size-full\" srcset=\"https:\/\/www.ifsi-ifas-valentine-labbe.fr\/wp-content\/uploads\/2026\/04\/lycee-1024x640.jpg 1024w, https:\/\/www.ifsi-ifas-valentine-labbe.fr\/wp-content\/uploads\/2026\/04\/lycee-300x187.jpg 300w, https:\/\/www.ifsi-ifas-valentine-labbe.fr\/wp-content\/uploads\/2026\/04\/lycee-768x480.jpg 768w, https:\/\/www.ifsi-ifas-valentine-labbe.fr\/wp-content\/uploads\/2026\/04\/lycee-1536x959.jpg 1536w, https:\/\/www.ifsi-ifas-valentine-labbe.fr\/wp-content\/uploads\/2026\/04\/lycee.jpg 1918w\" sizes=\"auto, (max-width: 1024px) 100vw, 1024px\" \/><\/figure><\/div>\n<\/div>\n\n\n\n<div class=\"wp-block-group alignfull has-background is-layout-constrained wp-container-core-group-is-layout-cfcca693 wp-block-group-is-layout-constrained\" id=\"contact\" style=\"background:linear-gradient(135deg,rgb(234,239,255) 0%,rgb(82,172,233) 100%);padding-top:104px;padding-bottom:104px\">\n<h2 class=\"wp-block-heading has-text-align-center has-text-color\" style=\"color:#ffffff\">Encore besoin de renseignement ?<\/h2>\n\n\n\n<div class=\"wp-block-buttons alignwide is-horizontal is-content-justification-center is-layout-flex wp-container-core-buttons-is-layout-bba8380a wp-block-buttons-is-layout-flex\" style=\"margin-top:50px\">\n<div class=\"wp-block-button\"><a class=\"wp-block-button__link has-ast-global-color-5-color has-ast-global-color-0-background-color has-text-color has-background has-link-color wp-element-button\">Contactez-nous<\/a><\/div>\n<\/div>\n<\/div>\n\n\n\n<p><\/p>\n","protected":false},"excerpt":{"rendered":"<p>Nos Formations Infirmier (IDE) Accompagnez les patients \u00e0 chaque \u00e9tape de leur soin. Une formation d&rsquo;excellence alliant haute technicit\u00e9, sens [&hellip;]<\/p>\n","protected":false},"author":4,"featured_media":0,"parent":0,"menu_order":0,"comment_status":"closed","ping_status":"closed","template":"","meta":{"site-sidebar-layout":"no-sidebar","site-content-layout":"plain-container","ast-site-content-layout":"default","site-content-style":"default","site-sidebar-style":"default","ast-global-header-display":"","ast-banner-title-visibility":"","ast-main-header-display":"","ast-hfb-above-header-display":"","ast-hfb-below-header-display":"","ast-hfb-mobile-header-display":"","site-post-title":"disabled","ast-breadcrumbs-content":"","ast-featured-img":"","footer-sml-layout":"","ast-disable-related-posts":"","theme-transparent-header-meta":"enabled","adv-header-id-meta":"","stick-header-meta":"","header-above-stick-meta":"","header-main-stick-meta":"","header-below-stick-meta":"","astra-migrate-meta-layouts":"default","ast-page-background-enabled":"default","ast-page-background-meta":{"desktop":{"background-color":"var(--ast-global-color-5)","background-image":"","background-repeat":"repeat","background-position":"center center","background-size":"auto","background-attachment":"scroll","background-type":"","background-media":"","overlay-type":"","overlay-color":"","overlay-opacity":"","overlay-gradient":""},"tablet":{"background-color":"","background-image":"","background-repeat":"repeat","background-position":"center center","background-size":"auto","background-attachment":"scroll","background-type":"","background-media":"","overlay-type":"","overlay-color":"","overlay-opacity":"","overlay-gradient":""},"mobile":{"background-color":"","background-image":"","background-repeat":"repeat","background-position":"center center","background-size":"auto","background-attachment":"scroll","background-type":"","background-media":"","overlay-type":"","overlay-color":"","overlay-opacity":"","overlay-gradient":""}},"ast-content-background-meta":{"desktop":{"background-color":"var(--ast-global-color-4)","background-image":"","background-repeat":"repeat","background-position":"center center","background-size":"auto","background-attachment":"scroll","background-type":"","background-media":"","overlay-type":"","overlay-color":"","overlay-opacity":"","overlay-gradient":""},"tablet":{"background-color":"var(--ast-global-color-4)","background-image":"","background-repeat":"repeat","background-position":"center center","background-size":"auto","background-attachment":"scroll","background-type":"","background-media":"","overlay-type":"","overlay-color":"","overlay-opacity":"","overlay-gradient":""},"mobile":{"background-color":"var(--ast-global-color-4)","background-image":"","background-repeat":"repeat","background-position":"center center","background-size":"auto","background-attachment":"scroll","background-type":"","background-media":"","overlay-type":"","overlay-color":"","overlay-opacity":"","overlay-gradient":""}},"footnotes":""},"class_list":["post-19","page","type-page","status-publish","hentry"],"_links":{"self":[{"href":"https:\/\/www.ifsi-ifas-valentine-labbe.fr\/index.php\/wp-json\/wp\/v2\/pages\/19","targetHints":{"allow":["GET"]}}],"collection":[{"href":"https:\/\/www.ifsi-ifas-valentine-labbe.fr\/index.php\/wp-json\/wp\/v2\/pages"}],"about":[{"href":"https:\/\/www.ifsi-ifas-valentine-labbe.fr\/index.php\/wp-json\/wp\/v2\/types\/page"}],"author":[{"embeddable":true,"href":"https:\/\/www.ifsi-ifas-valentine-labbe.fr\/index.php\/wp-json\/wp\/v2\/users\/4"}],"replies":[{"embeddable":true,"href":"https:\/\/www.ifsi-ifas-valentine-labbe.fr\/index.php\/wp-json\/wp\/v2\/comments?post=19"}],"version-history":[{"count":25,"href":"https:\/\/www.ifsi-ifas-valentine-labbe.fr\/index.php\/wp-json\/wp\/v2\/pages\/19\/revisions"}],"predecessor-version":[{"id":128,"href":"https:\/\/www.ifsi-ifas-valentine-labbe.fr\/index.php\/wp-json\/wp\/v2\/pages\/19\/revisions\/128"}],"wp:attachment":[{"href":"https:\/\/www.ifsi-ifas-valentine-labbe.fr\/index.php\/wp-json\/wp\/v2\/media?parent=19"}],"curies":[{"name":"wp","href":"https:\/\/api.w.org\/{rel}","templated":true}]}}