{"id":89,"date":"2026-04-15T14:09:47","date_gmt":"2026-04-15T14:09:47","guid":{"rendered":"https:\/\/www.ifsi-ifas-valentine-labbe.fr\/?page_id=89"},"modified":"2026-04-15T14:22:00","modified_gmt":"2026-04-15T14:22:00","slug":"formation-aide-soignant","status":"publish","type":"page","link":"https:\/\/www.ifsi-ifas-valentine-labbe.fr\/index.php\/formation-aide-soignant\/","title":{"rendered":"Formation Aide Soignant"},"content":{"rendered":"\n<div class=\"wp-block-group alignfull is-layout-constrained wp-block-group-is-layout-constrained\" style=\"margin-top:0;margin-bottom:0\">\n<div class=\"wp-block-columns alignwide is-layout-flex wp-container-core-columns-is-layout-b7acd7fb wp-block-columns-is-layout-flex\" style=\"margin-top:0;margin-bottom:0;padding-top:0;padding-right:0;padding-bottom:0;padding-left:0\">\n<div class=\"wp-block-column is-layout-flow wp-block-column-is-layout-flow\">\n<h2 class=\"wp-block-heading\">Le Dipl\u00f4me d\u2019\u00c9tat Aide-Soignant<\/h2>\n\n\n\n<p class=\"has-text-color has-extra-small-font-size\" style=\"color:#000000\">L\u2019aide-soignant est un maillon essentiel de l\u2019\u00e9quipe de soins. Sous la responsabilit\u00e9 de l\u2019infirmier, il accompagne les personnes fragilis\u00e9es dans leurs gestes quotidiens. C\u2019est un m\u00e9tier o\u00f9 l&rsquo;aspect humain, l&rsquo;\u00e9coute et le sens du service sont fondamentaux pour restaurer ou maintenir l&rsquo;autonomie des patients.<\/p>\n\n\n\n<h3 class=\"wp-block-heading has-text-color has-extra-small-font-size\" style=\"color:#000000\">Votre futur m\u00e9tier<\/h3>\n\n\n\n<p class=\"has-ast-global-color-8-color has-text-color has-link-color wp-elements-e7406d78d57271a3de7945ede8d8c9b2\">En tant qu&rsquo;aide-soignant, vous intervenez de mani\u00e8re globale pour assurer le bien-\u00eatre des patients. Votre r\u00f4le combine technicit\u00e9 et relationnel :<\/p>\n\n\n\n<ul class=\"wp-block-list\">\n<li class=\"has-ast-global-color-8-color has-text-color has-link-color wp-elements-5e8a8e46ab5205456cdc32aae935e109\"><strong>Secteurs d&rsquo;activit\u00e9 :<\/strong> H\u00f4pitaux publics ou priv\u00e9s (m\u00e9decine, chirurgie, maternit\u00e9), EHPAD, centres de r\u00e9\u00e9ducation, psychiatrie ou encore soins \u00e0 domicile.<\/li>\n\n\n\n<li class=\"has-ast-global-color-8-color has-text-color has-link-color wp-elements-f1f3101fa0ea6673b27f083f8cbe0d0a\"><strong>Missions :<\/strong> Dispenser des soins d&rsquo;hygi\u00e8ne et de confort, aider au maintien de l&rsquo;autonomie et participer \u00e0 la surveillance clinique aux c\u00f4t\u00e9s des infirmiers.<\/li>\n<\/ul>\n\n\n\n<h3 class=\"wp-block-heading has-ast-global-color-8-color has-text-color has-link-color wp-elements-5be219e8d77ead72fbb3681f660d6f09\">La formation \u00e0 Valentine Labb\u00e9<\/h3>\n\n\n\n<p class=\"has-ast-global-color-8-color has-text-color has-link-color wp-elements-ee5015cfab8a88ee8d72f47475736fc5\">L&rsquo;enseignement au sein de notre Institut de Formation d&rsquo;Aide-Soignant (IFAS) est con\u00e7u pour vous rendre op\u00e9rationnel rapidement :<\/p>\n\n\n\n<ul class=\"wp-block-list has-ast-global-color-8-color has-text-color has-link-color wp-elements-5f45ab497dfa3aaf686159184d9027e5\">\n<li><strong>P\u00e9dagogie active :<\/strong> La formation alterne cours th\u00e9oriques et stages pratiques pour une immersion totale.<\/li>\n\n\n\n<li><strong>Accompagnement :<\/strong> Des projets innovants port\u00e9s par l&rsquo;association \u00e9tudiante (AESCFIVL) permettent de promouvoir la profession et de dynamiser votre vie sur le campus.<\/li>\n<\/ul>\n<\/div>\n\n\n\n<div class=\"wp-block-column is-layout-flow wp-block-column-is-layout-flow\">\n<p class=\"has-text-color has-extra-small-font-size\" style=\"color:#000000\"><\/p>\n\n\n\n<figure class=\"wp-block-image size-large is-resized\"><img loading=\"lazy\" decoding=\"async\" width=\"796\" height=\"1024\" src=\"http:\/\/www.ifsi-ifas-valentine-labbe.fr\/wp-content\/uploads\/2026\/04\/aide-2-796x1024.png\" alt=\"\" class=\"wp-image-111\" style=\"aspect-ratio:0.75;object-fit:contain;width:482px;height:auto\" srcset=\"https:\/\/www.ifsi-ifas-valentine-labbe.fr\/wp-content\/uploads\/2026\/04\/aide-2-796x1024.png 796w, https:\/\/www.ifsi-ifas-valentine-labbe.fr\/wp-content\/uploads\/2026\/04\/aide-2-233x300.png 233w, https:\/\/www.ifsi-ifas-valentine-labbe.fr\/wp-content\/uploads\/2026\/04\/aide-2-768x988.png 768w, https:\/\/www.ifsi-ifas-valentine-labbe.fr\/wp-content\/uploads\/2026\/04\/aide-2-1194x1536.png 1194w, https:\/\/www.ifsi-ifas-valentine-labbe.fr\/wp-content\/uploads\/2026\/04\/aide-2.png 1514w\" sizes=\"auto, (max-width: 796px) 100vw, 796px\" \/><\/figure>\n<\/div>\n<\/div>\n\n\n\n<div class=\"wp-block-media-text is-stacked-on-mobile\" style=\"padding-right:0;padding-left:0;grid-template-columns:36% auto\"><figure class=\"wp-block-media-text__media\"><img loading=\"lazy\" decoding=\"async\" width=\"796\" height=\"1024\" src=\"http:\/\/www.ifsi-ifas-valentine-labbe.fr\/wp-content\/uploads\/2026\/04\/aide-1-796x1024.png\" alt=\"\" class=\"wp-image-110 size-full\" srcset=\"https:\/\/www.ifsi-ifas-valentine-labbe.fr\/wp-content\/uploads\/2026\/04\/aide-1-796x1024.png 796w, https:\/\/www.ifsi-ifas-valentine-labbe.fr\/wp-content\/uploads\/2026\/04\/aide-1-233x300.png 233w, https:\/\/www.ifsi-ifas-valentine-labbe.fr\/wp-content\/uploads\/2026\/04\/aide-1-768x988.png 768w, https:\/\/www.ifsi-ifas-valentine-labbe.fr\/wp-content\/uploads\/2026\/04\/aide-1-1194x1536.png 1194w, https:\/\/www.ifsi-ifas-valentine-labbe.fr\/wp-content\/uploads\/2026\/04\/aide-1.png 1514w\" sizes=\"auto, (max-width: 796px) 100vw, 796px\" \/><\/figure><div class=\"wp-block-media-text__content\">\n<h3 class=\"wp-block-heading has-ast-global-color-8-color has-text-color has-link-color wp-elements-ba50aa546f0efa1cb9e62c52d7ab825a\">Budget et Financements<\/h3>\n\n\n\n<p class=\"has-ast-global-color-8-color has-text-color has-link-color wp-elements-773da7d89c169d5c3d509d3638c0e3a4\">Nous vous accompagnons dans la gestion de votre cursus avec des tarifs encadr\u00e9s et des dispositifs d&rsquo;aide :<\/p>\n\n\n\n<ul class=\"wp-block-list\">\n<li class=\"has-ast-global-color-8-color has-text-color has-link-color wp-elements-a2da3b2e4b1f535bca20b6c858601df5\"><strong>Frais p\u00e9dagogiques :<\/strong> Environ 138\u20ac par an (tarif indicatif).<\/li>\n\n\n\n<li class=\"has-ast-global-color-8-color has-text-color has-link-color wp-elements-91ab2c9aaff2db8293050b38ec938659\"><strong>\u00c9quipement :<\/strong> Un trousseau de 3 tenues professionnelles est n\u00e9cessaire pour les stages (environ 48\u20ac).<\/li>\n\n\n\n<li class=\"has-ast-global-color-8-color has-text-color has-link-color wp-elements-448adf3e07faa88c66caffadf7744419\"><strong>Aides financi\u00e8res :<\/strong> Vous pouvez solliciter les bourses r\u00e9gionales des Hauts-de-France ainsi que les aides au logement (Visale, Mobili-Jeune).<\/li>\n<\/ul>\n\n\n\n<h3 class=\"wp-block-heading has-ast-global-color-8-color has-text-color has-link-color wp-elements-5087dd44768f85189698f48c5d4c0092\">Financement de la Formation Continue<\/h3>\n\n\n\n<p class=\"has-ast-global-color-8-color has-text-color has-link-color wp-elements-8a28d3b89f8f103a3f8fd4c21ab78db5\">Si vous \u00eates d\u00e9j\u00e0 en activit\u00e9, votre cursus peut \u00eatre pris en charge selon votre statut (Plan de d\u00e9veloppement des comp\u00e9tences, CPF de transition, etc.).<\/p>\n\n\n\n<ul class=\"wp-block-list\">\n<li class=\"has-ast-global-color-8-color has-text-color has-link-color wp-elements-fbf24b094136c7fa24c71834abe29ae1\"><strong>Contact d\u00e9di\u00e9 :<\/strong> Pour toute question de financement, le GRETA Lille M\u00e9tropole est votre interlocuteur privil\u00e9gi\u00e9.<\/li>\n<\/ul>\n\n\n\n<p class=\"has-ast-global-color-8-color has-text-color has-link-color wp-elements-4f9ca6f8c2bb2f216790f1b6cd1c20a5\"><em>Note : L&rsquo;accord de financement est une \u00e9tape distincte de l&rsquo;admission finale en formation.<\/em>Perspectives et \u00c9volutions<\/p>\n<\/div><\/div>\n<\/div>\n\n\n\n<p><\/p>\n","protected":false},"excerpt":{"rendered":"<p>Le Dipl\u00f4me d\u2019\u00c9tat Aide-Soignant L\u2019aide-soignant est un maillon essentiel de l\u2019\u00e9quipe de soins. Sous la responsabilit\u00e9 de l\u2019infirmier, il accompagne [&hellip;]<\/p>\n","protected":false},"author":4,"featured_media":0,"parent":0,"menu_order":0,"comment_status":"closed","ping_status":"closed","template":"","meta":{"site-sidebar-layout":"default","site-content-layout":"","ast-site-content-layout":"default","site-content-style":"default","site-sidebar-style":"default","ast-global-header-display":"","ast-banner-title-visibility":"","ast-main-header-display":"","ast-hfb-above-header-display":"","ast-hfb-below-header-display":"","ast-hfb-mobile-header-display":"","site-post-title":"","ast-breadcrumbs-content":"","ast-featured-img":"","footer-sml-layout":"","ast-disable-related-posts":"","theme-transparent-header-meta":"","adv-header-id-meta":"","stick-header-meta":"","header-above-stick-meta":"","header-main-stick-meta":"","header-below-stick-meta":"","astra-migrate-meta-layouts":"default","ast-page-background-enabled":"default","ast-page-background-meta":{"desktop":{"background-color":"var(--ast-global-color-5)","background-image":"","background-repeat":"repeat","background-position":"center center","background-size":"auto","background-attachment":"scroll","background-type":"","background-media":"","overlay-type":"","overlay-color":"","overlay-opacity":"","overlay-gradient":""},"tablet":{"background-color":"","background-image":"","background-repeat":"repeat","background-position":"center center","background-size":"auto","background-attachment":"scroll","background-type":"","background-media":"","overlay-type":"","overlay-color":"","overlay-opacity":"","overlay-gradient":""},"mobile":{"background-color":"","background-image":"","background-repeat":"repeat","background-position":"center center","background-size":"auto","background-attachment":"scroll","background-type":"","background-media":"","overlay-type":"","overlay-color":"","overlay-opacity":"","overlay-gradient":""}},"ast-content-background-meta":{"desktop":{"background-color":"var(--ast-global-color-4)","background-image":"","background-repeat":"repeat","background-position":"center center","background-size":"auto","background-attachment":"scroll","background-type":"","background-media":"","overlay-type":"","overlay-color":"","overlay-opacity":"","overlay-gradient":""},"tablet":{"background-color":"var(--ast-global-color-4)","background-image":"","background-repeat":"repeat","background-position":"center center","background-size":"auto","background-attachment":"scroll","background-type":"","background-media":"","overlay-type":"","overlay-color":"","overlay-opacity":"","overlay-gradient":""},"mobile":{"background-color":"var(--ast-global-color-4)","background-image":"","background-repeat":"repeat","background-position":"center center","background-size":"auto","background-attachment":"scroll","background-type":"","background-media":"","overlay-type":"","overlay-color":"","overlay-opacity":"","overlay-gradient":""}},"footnotes":""},"class_list":["post-89","page","type-page","status-publish","hentry"],"_links":{"self":[{"href":"https:\/\/www.ifsi-ifas-valentine-labbe.fr\/index.php\/wp-json\/wp\/v2\/pages\/89","targetHints":{"allow":["GET"]}}],"collection":[{"href":"https:\/\/www.ifsi-ifas-valentine-labbe.fr\/index.php\/wp-json\/wp\/v2\/pages"}],"about":[{"href":"https:\/\/www.ifsi-ifas-valentine-labbe.fr\/index.php\/wp-json\/wp\/v2\/types\/page"}],"author":[{"embeddable":true,"href":"https:\/\/www.ifsi-ifas-valentine-labbe.fr\/index.php\/wp-json\/wp\/v2\/users\/4"}],"replies":[{"embeddable":true,"href":"https:\/\/www.ifsi-ifas-valentine-labbe.fr\/index.php\/wp-json\/wp\/v2\/comments?post=89"}],"version-history":[{"count":3,"href":"https:\/\/www.ifsi-ifas-valentine-labbe.fr\/index.php\/wp-json\/wp\/v2\/pages\/89\/revisions"}],"predecessor-version":[{"id":112,"href":"https:\/\/www.ifsi-ifas-valentine-labbe.fr\/index.php\/wp-json\/wp\/v2\/pages\/89\/revisions\/112"}],"wp:attachment":[{"href":"https:\/\/www.ifsi-ifas-valentine-labbe.fr\/index.php\/wp-json\/wp\/v2\/media?parent=89"}],"curies":[{"name":"wp","href":"https:\/\/api.w.org\/{rel}","templated":true}]}}